{"id":2,"date":"2024-12-29T15:06:02","date_gmt":"2024-12-29T14:06:02","guid":{"rendered":"https:\/\/onplus.tech\/?page_id=2"},"modified":"2026-02-21T16:05:35","modified_gmt":"2026-02-21T15:05:35","slug":"ueber-uns","status":"publish","type":"page","link":"https:\/\/onplus.tech\/index.php\/ueber-uns\/","title":{"rendered":"\u00dcber uns"},"content":{"rendered":"\n<p>\u00d6PNV in einer immer komlexeren Welt beherschen<\/p>\n\n\n\n<blockquote class=\"wp-block-quote is-layout-flow wp-block-quote-is-layout-flow\">\n<p>\u201c The <strong>bottom-up<\/strong> approach is the way to go if you want to create a successful product.\u201d &#8211; Steve Jobs, Co-Founder of Apple Inc.<\/p>\n<\/blockquote>\n\n\n\n<p>Wir, dass sind Olaf Rohde und Nils Rohde, die zusammen die Firma ONplus bilden.<\/p>\n\n\n\n<p>Der eine mit \u00fcber dreissig Jahren Erfahrung im \u00d6PNV-Sektor in den unterschiedlichsten Funktionen und einem gro\u00dfen Netzwerk an Herstellern und Verkehrsbetrieben, <br>der andere mit Leidenschaft f\u00fcr alles, was EDV beinhaltet und als Amateuerfunker bewandert in einem Bereich, in dem es immer weniger Experten gibt<\/p>\n\n\n\n<p><br>Zusammen haben wir es uns zur Aufgabe gemacht, Verkehrsbetriebe in einer immer komlexeren Welt von Ausschreibung, Mischung von alter und neuer Technik, immer schneller wechselnden Anforderungen und anderen Problemstellungen zu beraten, Schulungen vorzubereiten und durchzuf\u00fchren und mit den Betrieben Prototypen f\u00fcr neue Fahrzeug- und Software \/ Hardwarel\u00f6sungen zu implementieren und abzunehmen.<br>Hierzu arbeiten wir mit zahlreichen kleineren und gr\u00f6\u00dferen Firmen und Dienstleistern zusammen<\/p>\n\n\n\n<p><br>Unser Ansatz hierbei ist ein &#8222;Bottom-Up&#8220; Ansatz, wobei die Zielvorgaben vorab durch uns gekl\u00e4rt werden.<br>Der Bottom-Up-Ansatz f\u00f6rdert nach unserer Auffassung die Beteiligung der Mitarbeiter, da jeder die M\u00f6glichkeit erh\u00e4lt, Entscheidungen zu beeinflussen, unabh\u00e4ngig von seiner T\u00e4tigkeit. Er f\u00f6rdert auch auch bessere Beziehungen zwischen Kollegen, da den Mitarbeitern die gleiche M\u00f6glichkeit geboten wird, Projektergebnisse zu beeinflussen<\/p>\n\n\n\n<p>Wie erreichen sie uns?<br>Per Mail: o.rohde@onplus.tech oder n.rohde@onplus.tech<br>Telefonisch: 0049 (0)173 276 4925 oder 0049 (0)561 9209775<br>Postalisch: ONplus Solutions UG (haftungsbeschr\u00e4nkt), Justus-Liebig-Stra\u00dfe 6, 34253 Lohfelden<\/p>\n\n\n\n<p><\/p>\n","protected":false},"excerpt":{"rendered":"<p>\u00d6PNV in einer immer komlexeren Welt beherschen \u201c The bottom-up approach is the way to go if you want to create a successful product.\u201d &#8211; Steve Jobs, Co-Founder of Apple Inc. Wir, dass sind Olaf Rohde und Nils Rohde, die zusammen die Firma ONplus bilden. Der eine mit \u00fcber dreissig Jahren Erfahrung im \u00d6PNV-Sektor in [&hellip;]<\/p>\n","protected":false},"author":1,"featured_media":0,"parent":0,"menu_order":-10,"comment_status":"closed","ping_status":"open","template":"","meta":{"footnotes":""},"class_list":["post-2","page","type-page","status-publish","hentry"],"blocksy_meta":[],"_links":{"self":[{"href":"https:\/\/onplus.tech\/index.php\/wp-json\/wp\/v2\/pages\/2","targetHints":{"allow":["GET"]}}],"collection":[{"href":"https:\/\/onplus.tech\/index.php\/wp-json\/wp\/v2\/pages"}],"about":[{"href":"https:\/\/onplus.tech\/index.php\/wp-json\/wp\/v2\/types\/page"}],"author":[{"embeddable":true,"href":"https:\/\/onplus.tech\/index.php\/wp-json\/wp\/v2\/users\/1"}],"replies":[{"embeddable":true,"href":"https:\/\/onplus.tech\/index.php\/wp-json\/wp\/v2\/comments?post=2"}],"version-history":[{"count":4,"href":"https:\/\/onplus.tech\/index.php\/wp-json\/wp\/v2\/pages\/2\/revisions"}],"predecessor-version":[{"id":892,"href":"https:\/\/onplus.tech\/index.php\/wp-json\/wp\/v2\/pages\/2\/revisions\/892"}],"wp:attachment":[{"href":"https:\/\/onplus.tech\/index.php\/wp-json\/wp\/v2\/media?parent=2"}],"curies":[{"name":"wp","href":"https:\/\/api.w.org\/{rel}","templated":true}]}}