{"id":692,"date":"2022-03-18T14:11:45","date_gmt":"2022-03-18T14:11:45","guid":{"rendered":"https:\/\/startersites.io\/stagingsix\/?page_id=692"},"modified":"2025-01-09T16:22:05","modified_gmt":"2025-01-09T15:22:05","slug":"beratung","status":"publish","type":"page","link":"https:\/\/onplus.tech\/index.php\/beratung\/","title":{"rendered":"Beratung"},"content":{"rendered":"\n<div class=\"wp-block-stackable-columns alignwide stk-block-columns stk-block stk-f5554c3 stk-block-background stk--has-background-overlay\" data-block-id=\"f5554c3\"><style>.stk-f5554c3 {background-color:#3c2204 !important;background-image:url(https:\/\/onplus.tech\/wp-content\/uploads\/2024\/12\/output_good_2.jpg) !important;background-position:center center !important;background-repeat:no-repeat !important;background-size:cover !important;border-top-left-radius:25px !important;border-top-right-radius:25px !important;border-bottom-right-radius:25px !important;border-bottom-left-radius:25px !important;overflow:hidden !important;padding-top:180px !important;padding-right:80px !important;padding-bottom:150px !important;padding-left:80px !important;margin-bottom:0px !important;}.stk-f5554c3:before{background-color:#3c2204 !important;opacity:0.3 !important;}@media screen and (max-width:689px){.stk-f5554c3 {padding-top:100px !important;padding-right:25px !important;padding-bottom:60px !important;padding-left:25px !important;}}<\/style><div class=\"stk-row stk-inner-blocks has-text-align-center-tablet has-text-align-center-mobile stk-block-content stk-content-align stk-f5554c3-column alignwide\">\n<div class=\"wp-block-stackable-column stk-block-column stk-column stk-block stk-3f739b8\" data-v=\"4\" data-block-id=\"3f739b8\"><style>.stk-3f739b8-container{margin-top:0px !important;margin-right:0px !important;margin-bottom:0px !important;margin-left:0px !important;}<\/style><div class=\"stk-column-wrapper stk-block-column__content stk-container stk-3f739b8-container stk--no-background stk--no-padding\"><div class=\"stk-block-content stk-inner-blocks stk-3f739b8-inner-blocks\">\n\n\n<div class=\"wp-block-stackable-heading stk-block-heading stk-block-heading--v2 stk-block stk-ba93f5b\" id=\"beratung\" data-block-id=\"ba93f5b\"><style>.stk-ba93f5b {max-width:45% !important;min-width:auto !important;margin-bottom:0px !important;}.stk-ba93f5b .stk-block-heading__text{font-size:60px !important;color:var(--theme-palette-color-8, #ffffff) !important;line-height:1.1em !important;}@media screen and (max-width:999px){.stk-ba93f5b {max-width:100% !important;min-width:auto !important;}.stk-ba93f5b .stk-block-heading__text{font-size:40px !important;}}@media screen and (max-width:689px){.stk-ba93f5b .stk-block-heading__text{font-size:30px !important;}}<\/style><h2 class=\"stk-block-heading__text has-text-color has-palette-color-8-color\">Beratung<\/h2><\/div>\n<\/div><\/div><\/div>\n<\/div><\/div>\n\n\n\n<div class=\"wp-block-stackable-spacer stk-block-spacer stk--no-padding stk-block stk-351fd8a\" data-block-id=\"351fd8a\"><style>.stk-351fd8a {height:130px !important;}@media screen and (max-width:999px){.stk-351fd8a {height:70px !important;}}<\/style><\/div>\n\n\n\n<div class=\"wp-block-stackable-columns alignfull stk-block-columns stk-block stk-1dbdcfb stk-block-background stk--has-background-overlay\" data-block-id=\"1dbdcfb\"><style>.stk-1dbdcfb {background-color:transparent !important;background-image:url(https:\/\/onplus.tech\/wp-content\/uploads\/2021\/07\/decorative-shape.svg) !important;background-position:top right !important;background-repeat:no-repeat !important;background-size:850px !important;padding-top:0px !important;padding-right:0px !important;padding-bottom:0px !important;padding-left:0px !important;margin-bottom:0px !important;overflow:visible !important;}.stk-1dbdcfb:before{background-color:transparent !important;opacity:0.5 !important;}.stk-1dbdcfb .stk-container{overflow:visible !important;}@media screen and (max-width:999px){.stk-1dbdcfb {background-size:600px !important;}}@media screen and (max-width:689px){.stk-1dbdcfb {background-size:400px !important;}}<\/style><div class=\"stk-row stk-inner-blocks stk-block-content stk-content-align stk-1dbdcfb-column\">\n<div class=\"wp-block-stackable-column stk-block-column stk-column stk-block stk-07d2bd2\" data-v=\"4\" data-block-id=\"07d2bd2\"><style>.stk-07d2bd2-container{margin-top:0px !important;margin-right:0px !important;margin-bottom:0px !important;margin-left:0px !important;}<\/style><div class=\"stk-column-wrapper stk-block-column__content stk-container stk-07d2bd2-container stk--no-background stk--no-padding\"><div class=\"stk-block-content stk-inner-blocks stk-07d2bd2-inner-blocks\">\n<div class=\"wp-block-stackable-text stk-block-text stk-block stk-806714a\" data-block-id=\"806714a\"><style>.stk-806714a {margin-bottom:16px !important;}.stk-806714a .stk-block-text__text{color:var(--theme-palette-color-4, #000000) !important;font-weight:600 !important;text-transform:uppercase !important;}<\/style><p class=\"stk-block-text__text has-text-color has-palette-color-4-color has-text-align-center\">Beratung<\/p><\/div>\n\n\n\n<div class=\"wp-block-stackable-heading stk-block-heading stk-block-heading--v2 stk-block stk-715b347\" id=\"gerne-beraten-wir-sie-in-folgenden-themenfeldern\" data-block-id=\"715b347\"><style>.stk-715b347 {margin-bottom:8px !important;}@media screen and (max-width:999px){.stk-715b347 .stk-block-heading__text{font-size:30px !important;}}@media screen and (max-width:689px){.stk-715b347 .stk-block-heading__text{font-size:25px !important;}}<\/style><h2 class=\"stk-block-heading__text has-text-align-center\">Gerne beraten wir Sie in folgenden Themenfeldern<\/h2><\/div>\n\n\n\n<div class=\"wp-block-stackable-text stk-block-text stk-block stk-b3f9270\" data-block-id=\"b3f9270\"><style>.stk-b3f9270 {max-width:700px !important;min-width:auto !important;margin-right:auto !important;margin-bottom:60px !important;margin-left:auto !important;}@media screen and (max-width:689px){.stk-b3f9270 {margin-bottom:24px !important;}}<\/style><p class=\"stk-block-text__text has-text-align-center\"><\/p><\/div>\n\n\n\n<div class=\"wp-block-stackable-columns stk-block-columns stk-block stk-7cf7fcd\" data-block-id=\"7cf7fcd\"><style>.stk-7cf7fcd {margin-bottom:35px !important;}.stk-7cf7fcd-column{--stk-column-gap:35px !important;row-gap:35px !important;}<\/style><div class=\"stk-row stk-inner-blocks stk-block-content stk-content-align stk-7cf7fcd-column\">\n<div class=\"wp-block-stackable-column stk-block-column stk-column stk-block stk-9b4620a stk-block-background\" data-v=\"4\" data-block-id=\"9b4620a\"><style>.stk-9b4620a-container{margin-top:0px !important;margin-right:0px !important;margin-bottom:0px !important;margin-left:0px !important;padding-top:10% !important;padding-right:10% !important;padding-bottom:10% !important;padding-left:10% !important;}.stk-9b4620a {background-color:var(--theme-palette-color-8, #ffffff) !important;border-radius:25px !important;overflow:hidden !important;box-shadow:0px 20px 80px 0px #c1c7d440 !important;padding-top:0px !important;padding-right:0px !important;padding-bottom:0px !important;padding-left:0px !important;}.stk-9b4620a:before{background-color:var(--theme-palette-color-8, #ffffff) !important;}<\/style><div class=\"stk-column-wrapper stk-block-column__content stk-container stk-9b4620a-container stk--no-background stk--no-padding\"><div class=\"stk-block-content stk-inner-blocks stk-9b4620a-inner-blocks\">\n<div class=\"wp-block-stackable-image stk-block-image has-text-align-left has-text-align-center-mobile stk-block stk-7e9764f\" data-block-id=\"7e9764f\"><style>.stk-7e9764f {margin-bottom:60px !important;}.stk-7e9764f .stk-img-wrapper{width:80px !important;}@media screen and (max-width:999px){.stk-7e9764f {margin-bottom:40px !important;}.stk-7e9764f .stk-img-wrapper{width:65px !important;}}<\/style><figure><span class=\"stk-img-wrapper stk-image--shape-stretch\"><img loading=\"lazy\" decoding=\"async\" class=\"stk-img wp-image-55\" src=\"https:\/\/onplus.tech\/wp-content\/uploads\/2021\/07\/design-icon.svg\" width=\"80\" height=\"300\"\/><\/span><\/figure><\/div>\n\n\n\n<div class=\"wp-block-stackable-heading stk-block-heading stk-block-heading--v2 stk-block stk-ee03856\" id=\"pl\" data-block-id=\"ee03856\"><style>.stk-ee03856 {margin-bottom:20px !important;}<\/style><h5 class=\"stk-block-heading__text has-text-align-center-mobile\">Planung von Ausschreibungen<\/h5><\/div>\n\n\n\n<div class=\"wp-block-stackable-text stk-block-text stk-block stk-1fa2983\" data-block-id=\"1fa2983\"><p class=\"stk-block-text__text has-text-align-center-mobile\">Sie m\u00f6chten neue Fahrzeuge beschaffen, Z\u00e4hlsysteme einsetzen, Vertriebstechnik erneuern? <br>Wir beraten sie bei den Fragestellungen, beleuchten mit ihnen die Aspekte und Konsequenzen der Ausschreibung, stehen als Mittler zwischen der ausschreibenden Stelle und Bewerbern zur Verf\u00fcgung und koordinieren nachfolgende Phasen<\/p><\/div>\n<\/div><\/div><\/div>\n\n\n\n<div class=\"wp-block-stackable-column stk-block-column stk-column stk-block stk-838df3e stk-block-background\" data-v=\"4\" data-block-id=\"838df3e\"><style>.stk-838df3e-container{margin-top:0px !important;margin-right:0px !important;margin-bottom:0px !important;margin-left:0px !important;padding-top:10% !important;padding-right:10% !important;padding-bottom:10% !important;padding-left:10% !important;}.stk-838df3e {background-color:var(--theme-palette-color-8, #ffffff) !important;border-radius:25px !important;overflow:hidden !important;box-shadow:0px 20px 80px 0px #c1c7d440 !important;padding-top:0px !important;padding-right:0px !important;padding-bottom:0px !important;padding-left:0px !important;}.stk-838df3e:before{background-color:var(--theme-palette-color-8, #ffffff) !important;}<\/style><div class=\"stk-column-wrapper stk-block-column__content stk-container stk-838df3e-container stk--no-background stk--no-padding\"><div class=\"stk-block-content stk-inner-blocks stk-838df3e-inner-blocks\">\n<div class=\"wp-block-stackable-image stk-block-image has-text-align-left has-text-align-center-mobile stk-block stk-6b83e20\" data-block-id=\"6b83e20\"><style>.stk-6b83e20 {margin-bottom:60px !important;}.stk-6b83e20 .stk-img-wrapper{width:80px !important;}@media screen and (max-width:999px){.stk-6b83e20 {margin-bottom:40px !important;}.stk-6b83e20 .stk-img-wrapper{width:65px !important;}}<\/style><figure><span class=\"stk-img-wrapper stk-image--shape-stretch\"><img loading=\"lazy\" decoding=\"async\" class=\"stk-img wp-image-61\" src=\"https:\/\/onplus.tech\/wp-content\/uploads\/2021\/07\/brand-icon.svg\" width=\"80\" height=\"300\"\/><\/span><\/figure><\/div>\n\n\n\n<div class=\"wp-block-stackable-heading stk-block-heading stk-block-heading--v2 stk-block stk-635c200\" id=\"einfuhrung-und-umstellung-von-systemen\" data-block-id=\"635c200\"><style>.stk-635c200 {margin-bottom:20px !important;}<\/style><h5 class=\"stk-block-heading__text has-text-align-center-mobile\">Einf\u00fchrung und Umstellung von Systemen<\/h5><\/div>\n\n\n\n<div class=\"wp-block-stackable-text stk-block-text stk-block stk-bb50ba7\" data-block-id=\"bb50ba7\"><p class=\"stk-block-text__text has-text-align-center-mobile\">Sie wollen ihre Vertriebstechnik erneuern, Altsysteme wie Funk, APC oder Fahrzeugnetzwerk erneuern?<br>Wir beraten sie \u00fcber M\u00f6glichkeiten und Marktgeschen, suchen mit ihnen die passende Technik und begleiten sie bei der Migration der neuen Systeme<\/p><\/div>\n<\/div><\/div><\/div>\n<\/div><\/div>\n\n\n\n<div class=\"wp-block-stackable-columns stk-block-columns stk-block stk-8f5871a\" data-block-id=\"8f5871a\"><style>.stk-8f5871a-column{--stk-column-gap:35px !important;row-gap:35px !important;}<\/style><div class=\"stk-row stk-inner-blocks stk-block-content stk-content-align stk-8f5871a-column\">\n<div class=\"wp-block-stackable-column stk-block-column stk-column stk-block stk-fb77c92 stk-block-background\" data-v=\"4\" data-block-id=\"fb77c92\"><style>.stk-fb77c92-container{margin-top:0px !important;margin-right:0px !important;margin-bottom:0px !important;margin-left:0px !important;padding-top:10% !important;padding-right:10% !important;padding-bottom:10% !important;padding-left:10% !important;}.stk-fb77c92 {background-color:var(--theme-palette-color-8, #ffffff) !important;border-radius:25px !important;overflow:hidden !important;box-shadow:0px 20px 80px 0px #c1c7d440 !important;padding-top:0px !important;padding-right:0px !important;padding-bottom:0px !important;padding-left:0px !important;}.stk-fb77c92:before{background-color:var(--theme-palette-color-8, #ffffff) !important;}<\/style><div class=\"stk-column-wrapper stk-block-column__content stk-container stk-fb77c92-container stk--no-background stk--no-padding\"><div class=\"stk-block-content stk-inner-blocks stk-fb77c92-inner-blocks\">\n<div class=\"wp-block-stackable-image stk-block-image has-text-align-left has-text-align-center-mobile stk-block stk-e90380e\" data-block-id=\"e90380e\"><style>.stk-e90380e {margin-bottom:60px !important;}.stk-e90380e .stk-img-wrapper{width:80px !important;}@media screen and (max-width:999px){.stk-e90380e {margin-bottom:40px !important;}.stk-e90380e .stk-img-wrapper{width:65px !important;}}<\/style><figure><span class=\"stk-img-wrapper stk-image--shape-stretch\"><img loading=\"lazy\" decoding=\"async\" class=\"stk-img wp-image-62\" src=\"https:\/\/onplus.tech\/wp-content\/uploads\/2021\/07\/marketing-icon.svg\" width=\"80\" height=\"300\"\/><\/span><\/figure><\/div>\n\n\n\n<div class=\"wp-block-stackable-heading stk-block-heading stk-block-heading--v2 stk-block stk-d0fed60\" id=\"markterkundung-hersteller-dienstleistersuche-und-bewertung\" data-block-id=\"d0fed60\"><style>.stk-d0fed60 {margin-bottom:20px !important;}<\/style><h5 class=\"stk-block-heading__text has-text-align-center-mobile\">Markterkundung, Hersteller- \/ Dienstleistersuche und Bewertung<\/h5><\/div>\n\n\n\n<div class=\"wp-block-stackable-text stk-block-text stk-block stk-3cdf9c9\" data-block-id=\"3cdf9c9\"><p class=\"stk-block-text__text has-text-align-center-mobile\">Sie ben\u00f6tigen einen  Hersteller f\u00fcr eine bestimmte Technologie oder bekommen Anforderungen von ihrem Auftrageben gestellt?<br>Wir begleiten und beraten sie bei der Auswahl geeigneter Technologien und Firmen, bewerten diese mit ihnen und suchen ggf. Alternativen<\/p><\/div>\n<\/div><\/div><\/div>\n\n\n\n<div class=\"wp-block-stackable-column stk-block-column stk-column stk-block stk-8d743ee stk-block-background\" data-v=\"4\" data-block-id=\"8d743ee\"><style>.stk-8d743ee-container{margin-top:0px !important;margin-right:0px !important;margin-bottom:0px !important;margin-left:0px !important;padding-top:10% !important;padding-right:10% !important;padding-bottom:10% !important;padding-left:10% !important;}.stk-8d743ee {background-color:var(--theme-palette-color-8, #ffffff) !important;border-radius:25px !important;overflow:hidden !important;box-shadow:0px 20px 80px 0px #c1c7d440 !important;padding-top:0px !important;padding-right:0px !important;padding-bottom:0px !important;padding-left:0px !important;}.stk-8d743ee:before{background-color:var(--theme-palette-color-8, #ffffff) !important;}<\/style><div class=\"stk-column-wrapper stk-block-column__content stk-container stk-8d743ee-container stk--no-background stk--no-padding\"><div class=\"stk-block-content stk-inner-blocks stk-8d743ee-inner-blocks\">\n<div class=\"wp-block-stackable-image stk-block-image has-text-align-left has-text-align-center-mobile stk-block stk-3776ec1\" data-block-id=\"3776ec1\"><style>.stk-3776ec1 {margin-bottom:60px !important;}.stk-3776ec1 .stk-img-wrapper{width:80px !important;}@media screen and (max-width:999px){.stk-3776ec1 {margin-bottom:40px !important;}.stk-3776ec1 .stk-img-wrapper{width:65px !important;}}<\/style><figure><span class=\"stk-img-wrapper stk-image--shape-stretch\"><img loading=\"lazy\" decoding=\"async\" class=\"stk-img wp-image-63\" src=\"https:\/\/onplus.tech\/wp-content\/uploads\/2021\/07\/development-icon.svg\" width=\"80\" height=\"300\"\/><\/span><\/figure><\/div>\n\n\n\n<div class=\"wp-block-stackable-heading stk-block-heading stk-block-heading--v2 stk-block stk-12d2732\" id=\"feld\" data-block-id=\"12d2732\"><style>.stk-12d2732 {margin-bottom:20px !important;}<\/style><h5 class=\"stk-block-heading__text has-text-align-center-mobile\">Unterst\u00fctzung und Beratung bei Problemstellungen mit Auftraggebern<\/h5><\/div>\n\n\n\n<div class=\"wp-block-stackable-text stk-block-text stk-block stk-8abeca9\" data-block-id=\"8abeca9\"><p class=\"stk-block-text__text has-text-align-center-mobile\">Sie haben Probleme, ihrem Auftraggeber bestimmte Dinge zu belegen, geforderte Nachweise zu f\u00fchren oder Daten sinnvoll zusammenzuf\u00fchren?<br>Wir suchen mit ihnen nach Gr\u00fcnden und Problemen, machen Vorschl\u00e4ge f\u00fcr Softwarel\u00f6sungen und beraten sie zu weiteren Probleml\u00f6sungen<\/p><\/div>\n<\/div><\/div><\/div>\n<\/div><\/div>\n<\/div><\/div><\/div>\n<\/div><\/div>\n\n\n\n<div class=\"wp-block-stackable-columns alignfull stk-block-columns stk-block stk-6b11c0a stk-block-background stk--has-background-overlay\" data-block-id=\"6b11c0a\"><style>.stk-6b11c0a {background-color:transparent !important;background-image:url(https:\/\/onplus.tech\/wp-content\/uploads\/2025\/01\/decorative-shape-2.png) !important;background-position:top left !important;background-repeat:no-repeat !important;background-size:850px !important;padding-top:0px !important;padding-right:0px !important;padding-bottom:0px !important;padding-left:0px !important;margin-bottom:0px !important;overflow:visible !important;}.stk-6b11c0a:before{background-color:transparent !important;opacity:0.5 !important;}.stk-6b11c0a .stk-container{overflow:visible !important;}@media screen and (max-width:999px){.stk-6b11c0a {background-size:600px !important;}}@media screen and (max-width:689px){.stk-6b11c0a {background-size:400px !important;}}<\/style><div class=\"stk-row stk-inner-blocks stk-block-content stk-content-align stk-6b11c0a-column\">\n<div class=\"wp-block-stackable-column stk-block-column stk-column stk-block stk-5c02eb1\" data-v=\"4\" data-block-id=\"5c02eb1\"><style>.stk-5c02eb1-container{margin-top:0px !important;margin-right:0px !important;margin-bottom:0px !important;margin-left:0px !important;}<\/style><div class=\"stk-column-wrapper stk-block-column__content stk-container stk-5c02eb1-container stk--no-background stk--no-padding\"><div class=\"stk-block-content stk-inner-blocks stk-5c02eb1-inner-blocks\">\n<div class=\"wp-block-stackable-spacer stk-block-spacer stk--no-padding stk-block stk-c11f087\" data-block-id=\"c11f087\"><style>.stk-c11f087 {height:100px !important;}@media screen and (max-width:999px){.stk-c11f087 {height:50px !important;}}<\/style><\/div>\n<\/div><\/div><\/div>\n<\/div><\/div>\n\n\n\n<div class=\"wp-block-stackable-divider stk-block-divider stk-block stk-a10bf44\" data-block-id=\"a10bf44\"><style>.stk-a10bf44 hr.stk-block-divider__hr{background:var(--theme-palette-color-5, #edeff2) !important;width:100% !important;}.stk-a10bf44 {margin-bottom:0px !important;}<\/style><hr class=\"stk-block-divider__hr\"\/><\/div>\n\n\n\n<div class=\"wp-block-stackable-divider stk-block-divider stk-block stk-9094f2d\" data-block-id=\"9094f2d\"><style>.stk-9094f2d hr.stk-block-divider__hr{background:var(--theme-palette-color-5, #edeff2) !important;width:100% !important;}.stk-9094f2d {margin-bottom:0px !important;}<\/style><hr class=\"stk-block-divider__hr\"\/><\/div>\n\n\n\n<p><\/p>\n","protected":false},"excerpt":{"rendered":"<p>Beratung Beratung Gerne beraten wir Sie in folgenden Themenfeldern Planung von Ausschreibungen Sie m\u00f6chten neue Fahrzeuge beschaffen, Z\u00e4hlsysteme einsetzen, Vertriebstechnik erneuern? Wir beraten sie bei den Fragestellungen, beleuchten mit ihnen die Aspekte und Konsequenzen der Ausschreibung, stehen als Mittler zwischen der ausschreibenden Stelle und Bewerbern zur Verf\u00fcgung und koordinieren nachfolgende Phasen Einf\u00fchrung und Umstellung von [&hellip;]<\/p>\n","protected":false},"author":1,"featured_media":0,"parent":0,"menu_order":-9,"comment_status":"closed","ping_status":"closed","template":"","meta":{"footnotes":""},"class_list":["post-692","page","type-page","status-publish","hentry"],"blocksy_meta":{"styles_descriptor":{"styles":{"desktop":"","tablet":"","mobile":""},"google_fonts":[],"version":6},"page_title_panel":"","has_hero_section":"disabled","294979639cc4286d28eae158a43f7c26":"","hero_section":"type-1","hero_elements":[{"id":"custom_title","enabled":true,"heading_tag":"h1","title":"Home"},{"id":"custom_description","enabled":true,"description_visibility":{"desktop":true,"tablet":true,"mobile":false}},{"id":"custom_meta","enabled":false,"meta_elements":[{"id":"author","enabled":true,"label":"By","has_author_avatar":"yes","avatar_size":25},{"id":"post_date","enabled":true,"label":"On","date_format_source":"default","date_format":"M j, Y"},{"id":"updated_date","enabled":false,"label":"On","date_format_source":"default","date_format":"M j, Y"},{"id":"categories","enabled":false,"label":"In","style":"simple"},{"id":"comments","enabled":true}],"page_meta_elements":{"joined":true,"articles_count":true,"comments":true}},{"id":"breadcrumbs","enabled":false}],"f795a2c8e66fb0c250759672a0f1fc4d":"","hero_alignment1":"CT_CSS_SKIP_RULE","hero_margin":40,"hero_alignment2":"center","hero_vertical_alignment":"center","224af4523163a59eacb4a1d275a3bf87":"","hero_structure":"narrow","6f6f64ffae7cd08881ad205e1eb06834":"","page_title_bg_type":"featured_image","custom_hero_background":{"attachment_id":null},"parallax":{"desktop":false,"tablet":false,"mobile":false},"7f36a2d4f5b0303e619ebae4d72a9ccb":"","hero_height":"250px","pageTitleFont":{"family":"Default","variation":"Default","size":"30px","line-height":"CT_CSS_SKIP_RULE","letter-spacing":"CT_CSS_SKIP_RULE","text-transform":"CT_CSS_SKIP_RULE","text-decoration":"CT_CSS_SKIP_RULE"},"pageTitleFontColor":{"default":{"color":"CT_CSS_SKIP_RULEDEFAULT"}},"pageMetaFont":{"family":"Default","variation":"n6","size":"12px","line-height":"1.3","letter-spacing":"CT_CSS_SKIP_RULE","text-transform":"uppercase","text-decoration":"CT_CSS_SKIP_RULE"},"pageMetaFontColor":{"default":{"color":"CT_CSS_SKIP_RULEDEFAULT"},"hover":{"color":"CT_CSS_SKIP_RULEDEFAULT"}},"page_meta_button_type_font_colors":{"default":{"color":"CT_CSS_SKIP_RULEDEFAULT"},"hover":{"color":"CT_CSS_SKIP_RULEDEFAULT"}},"page_meta_button_type_background_colors":{"default":{"color":"CT_CSS_SKIP_RULEDEFAULT"},"hover":{"color":"CT_CSS_SKIP_RULEDEFAULT"}},"pageExcerptFont":{"family":"Default","variation":"Default","size":"CT_CSS_SKIP_RULE","line-height":"CT_CSS_SKIP_RULE","letter-spacing":"CT_CSS_SKIP_RULE","text-transform":"CT_CSS_SKIP_RULE","text-decoration":"CT_CSS_SKIP_RULE"},"pageExcerptColor":{"default":{"color":"CT_CSS_SKIP_RULEDEFAULT"}},"breadcrumbsFont":{"family":"Default","variation":"Default","size":"CT_CSS_SKIP_RULE","line-height":"CT_CSS_SKIP_RULE","letter-spacing":"CT_CSS_SKIP_RULE","text-transform":"CT_CSS_SKIP_RULE","text-decoration":"CT_CSS_SKIP_RULE"},"breadcrumbsFontColor":{"default":{"color":"CT_CSS_SKIP_RULEDEFAULT"},"initial":{"color":"CT_CSS_SKIP_RULEDEFAULT"},"hover":{"color":"CT_CSS_SKIP_RULEDEFAULT"}},"pageTitleOverlay":{"background_type":"color","background_pattern":"type-1","background_image":{"attachment_id":null,"x":0,"y":0},"gradient":"linear-gradient(135deg,rgba(6,147,227,1) 0%,rgb(155,81,224) 100%)","background_repeat":"repeat","background_size":"auto","background_attachment":"scroll","patternColor":{"default":{"color":"#e5e7ea"}},"overlayColor":{"default":{"color":"CT_CSS_SKIP_RULE"}},"backgroundColor":{"default":{"color":"CT_CSS_SKIP_RULE"}}},"pageTitleBackground":{"background_type":"color","background_pattern":"type-1","background_image":{"attachment_id":null,"x":0,"y":0},"gradient":"linear-gradient(135deg,rgba(6,147,227,1) 0%,rgb(155,81,224) 100%)","background_repeat":"repeat","background_size":"auto","background_attachment":"scroll","patternColor":{"default":{"color":"#e5e7ea"}},"overlayColor":{"default":{"color":"CT_CSS_SKIP_RULE"}},"backgroundColor":{"default":{"color":"var(--theme-palette-color-6)"}}},"pageTitlePadding":{"top":"50px","bottom":"50px","left":"auto","right":"auto","linked":true},"ecb05450eb56f8c06b73e9fbf72614df":"","page_structure_type":"default","e7aa1f7981176862d4333be841e9d951":"","content_style_source":"inherit","content_style":"wide","vertical_spacing_source":"custom","content_area_spacing":"none","background":{"background_type":"color","background_pattern":"type-1","background_image":{"attachment_id":null,"x":0,"y":0},"gradient":"linear-gradient(135deg,rgba(6,147,227,1) 0%,rgb(155,81,224) 100%)","background_repeat":"repeat","background_size":"auto","background_attachment":"scroll","patternColor":{"default":{"color":"#e5e7ea"}},"overlayColor":{"default":{"color":"CT_CSS_SKIP_RULE"}},"backgroundColor":{"default":{"color":"CT_CSS_SKIP_RULE"}}},"content_background":{"background_type":"color","background_pattern":"type-1","background_image":{"attachment_id":null,"x":0,"y":0},"gradient":"linear-gradient(135deg,rgba(6,147,227,1) 0%,rgb(155,81,224) 100%)","background_repeat":"repeat","background_size":"auto","background_attachment":"scroll","patternColor":{"default":{"color":"#e5e7ea"}},"overlayColor":{"default":{"color":"CT_CSS_SKIP_RULE"}},"backgroundColor":{"default":{"color":"var(--theme-palette-color-8)"}}},"content_boxed_shadow":{"inherit":false,"blur":18,"spread":-6,"v_offset":12,"h_offset":0,"inset":false,"enable":true,"color":{"color":"rgba(34, 56, 101, 0.04)"}},"boxed_content_spacing":{"desktop":{"top":"40px","bottom":"40px","left":"40px","right":"40px","linked":true},"tablet":{"top":"35px","bottom":"35px","left":"35px","right":"35px","linked":true},"mobile":{"top":"20px","bottom":"20px","left":"20px","right":"20px","linked":true}},"content_boxed_radius":{"top":"3px","bottom":"3px","left":"3px","right":"3px","linked":true},"a2b24154c7f352ae218f2cf40c3fb3f9":"","disable_featured_image":"no","disable_share_box":"no","disable_header":"no","disable_footer":"no"},"_links":{"self":[{"href":"https:\/\/onplus.tech\/index.php\/wp-json\/wp\/v2\/pages\/692","targetHints":{"allow":["GET"]}}],"collection":[{"href":"https:\/\/onplus.tech\/index.php\/wp-json\/wp\/v2\/pages"}],"about":[{"href":"https:\/\/onplus.tech\/index.php\/wp-json\/wp\/v2\/types\/page"}],"author":[{"embeddable":true,"href":"https:\/\/onplus.tech\/index.php\/wp-json\/wp\/v2\/users\/1"}],"replies":[{"embeddable":true,"href":"https:\/\/onplus.tech\/index.php\/wp-json\/wp\/v2\/comments?post=692"}],"version-history":[{"count":3,"href":"https:\/\/onplus.tech\/index.php\/wp-json\/wp\/v2\/pages\/692\/revisions"}],"predecessor-version":[{"id":845,"href":"https:\/\/onplus.tech\/index.php\/wp-json\/wp\/v2\/pages\/692\/revisions\/845"}],"wp:attachment":[{"href":"https:\/\/onplus.tech\/index.php\/wp-json\/wp\/v2\/media?parent=692"}],"curies":[{"name":"wp","href":"https:\/\/api.w.org\/{rel}","templated":true}]}}