{"id":825,"date":"2025-01-04T18:02:19","date_gmt":"2025-01-04T17:02:19","guid":{"rendered":"https:\/\/onplus.tech\/?page_id=825"},"modified":"2025-01-09T17:00:08","modified_gmt":"2025-01-09T16:00:08","slug":"prototyping","status":"publish","type":"page","link":"https:\/\/onplus.tech\/index.php\/prototyping\/","title":{"rendered":"Prototyping"},"content":{"rendered":"\n<div class=\"wp-block-stackable-columns alignwide stk-block-columns stk-block stk-f5554c3 stk-block-background stk--has-background-overlay\" data-block-id=\"f5554c3\"><style>.stk-f5554c3 {background-color:#3c2204 !important;background-image:url(https:\/\/onplus.tech\/wp-content\/uploads\/2024\/12\/output_good_2.jpg) !important;background-position:center center !important;background-repeat:no-repeat !important;background-size:cover !important;border-top-left-radius:25px !important;border-top-right-radius:25px !important;border-bottom-right-radius:25px !important;border-bottom-left-radius:25px !important;overflow:hidden !important;padding-top:180px !important;padding-right:80px !important;padding-bottom:150px !important;padding-left:80px !important;margin-bottom:0px !important;}.stk-f5554c3:before{background-color:#3c2204 !important;opacity:0.3 !important;}@media screen and (max-width:689px){.stk-f5554c3 {padding-top:100px !important;padding-right:25px !important;padding-bottom:60px !important;padding-left:25px !important;}}<\/style><div class=\"stk-row stk-inner-blocks has-text-align-center-tablet has-text-align-center-mobile stk-block-content stk-content-align stk-f5554c3-column alignwide\">\n<div class=\"wp-block-stackable-column stk-block-column stk-column stk-block stk-3f739b8\" data-v=\"4\" data-block-id=\"3f739b8\"><style>.stk-3f739b8-container{margin-top:0px !important;margin-right:0px !important;margin-bottom:0px !important;margin-left:0px !important;}<\/style><div class=\"stk-column-wrapper stk-block-column__content stk-container stk-3f739b8-container stk--no-background stk--no-padding\"><div class=\"stk-block-content stk-inner-blocks stk-3f739b8-inner-blocks\">\n\n\n<div class=\"wp-block-stackable-heading stk-block-heading stk-block-heading--v2 stk-block stk-ba93f5b\" id=\"prototyping\" data-block-id=\"ba93f5b\"><style>.stk-ba93f5b {max-width:45% !important;min-width:auto !important;margin-bottom:0px !important;}.stk-ba93f5b .stk-block-heading__text{font-size:60px !important;color:var(--theme-palette-color-8, #ffffff) !important;line-height:1.1em !important;}@media screen and (max-width:999px){.stk-ba93f5b {max-width:100% !important;min-width:auto !important;}.stk-ba93f5b .stk-block-heading__text{font-size:40px !important;}}@media screen and (max-width:689px){.stk-ba93f5b .stk-block-heading__text{font-size:30px !important;}}<\/style><h2 class=\"stk-block-heading__text has-text-color has-palette-color-8-color\">Prototyping<\/h2><\/div>\n<\/div><\/div><\/div>\n<\/div><\/div>\n\n\n\n<div class=\"wp-block-stackable-spacer stk-block-spacer stk--no-padding stk-block stk-351fd8a\" data-block-id=\"351fd8a\"><style>.stk-351fd8a {height:130px !important;}@media screen and (max-width:999px){.stk-351fd8a {height:70px !important;}}<\/style><\/div>\n\n\n\n<div class=\"wp-block-stackable-columns alignfull stk-block-columns stk-block stk-1dbdcfb stk-block-background stk--has-background-overlay\" data-block-id=\"1dbdcfb\"><style>.stk-1dbdcfb {background-color:transparent !important;background-image:url(https:\/\/onplus.tech\/wp-content\/uploads\/2021\/07\/decorative-shape.svg) !important;background-position:top right !important;background-repeat:no-repeat !important;background-size:850px !important;padding-top:0px !important;padding-right:0px !important;padding-bottom:0px !important;padding-left:0px !important;margin-bottom:0px !important;overflow:visible !important;}.stk-1dbdcfb:before{background-color:transparent !important;opacity:0.5 !important;}.stk-1dbdcfb .stk-container{overflow:visible !important;}@media screen and (max-width:999px){.stk-1dbdcfb {background-size:600px !important;}}@media screen and (max-width:689px){.stk-1dbdcfb {background-size:400px !important;}}<\/style><div class=\"stk-row stk-inner-blocks stk-block-content stk-content-align stk-1dbdcfb-column\">\n<div class=\"wp-block-stackable-column stk-block-column stk-column stk-block stk-07d2bd2\" data-v=\"4\" data-block-id=\"07d2bd2\"><style>.stk-07d2bd2-container{margin-top:0px !important;margin-right:0px !important;margin-bottom:0px !important;margin-left:0px !important;}<\/style><div class=\"stk-column-wrapper stk-block-column__content stk-container stk-07d2bd2-container stk--no-background stk--no-padding\"><div class=\"stk-block-content stk-inner-blocks stk-07d2bd2-inner-blocks\">\n<div class=\"wp-block-stackable-text stk-block-text stk-block stk-806714a\" data-block-id=\"806714a\"><style>.stk-806714a {margin-bottom:16px !important;}.stk-806714a .stk-block-text__text{color:var(--theme-palette-color-4, #000000) !important;font-weight:600 !important;text-transform:uppercase !important;}<\/style><p class=\"stk-block-text__text has-text-color has-palette-color-4-color has-text-align-center\">Prototyping<\/p><\/div>\n\n\n\n<div class=\"wp-block-stackable-heading stk-block-heading stk-block-heading--v2 stk-block stk-715b347\" id=\"wir-bieten-ihnen-folgende-leistungen-im-bereich-prototyping\" data-block-id=\"715b347\"><style>.stk-715b347 {margin-bottom:8px !important;}@media screen and (max-width:999px){.stk-715b347 .stk-block-heading__text{font-size:30px !important;}}@media screen and (max-width:689px){.stk-715b347 .stk-block-heading__text{font-size:25px !important;}}<\/style><h2 class=\"stk-block-heading__text has-text-align-center\">Wir bieten Ihnen folgende Leistungen im Bereich Prototyping<\/h2><\/div>\n\n\n\n<div class=\"wp-block-stackable-text stk-block-text stk-block stk-b3f9270\" data-block-id=\"b3f9270\"><style>.stk-b3f9270 {max-width:700px !important;min-width:auto !important;margin-right:auto !important;margin-bottom:60px !important;margin-left:auto !important;}@media screen and (max-width:689px){.stk-b3f9270 {margin-bottom:24px !important;}}<\/style><p class=\"stk-block-text__text has-text-align-center\"><\/p><\/div>\n\n\n\n<div class=\"wp-block-stackable-columns stk-block-columns stk-block stk-8f5871a\" data-block-id=\"8f5871a\"><style>.stk-8f5871a-column{--stk-column-gap:35px !important;row-gap:35px !important;}<\/style><div class=\"stk-row stk-inner-blocks stk-block-content stk-content-align stk-8f5871a-column\">\n<div class=\"wp-block-stackable-column stk-block-column stk-column stk-block stk-8d743ee stk-block-background\" data-v=\"4\" data-block-id=\"8d743ee\"><style>.stk-8d743ee-container{margin-top:0px !important;margin-right:0px !important;margin-bottom:0px !important;margin-left:0px !important;padding-top:10% !important;padding-right:10% !important;padding-bottom:10% !important;padding-left:10% !important;}.stk-8d743ee {background-color:var(--theme-palette-color-8, #ffffff) !important;border-radius:25px !important;overflow:hidden !important;box-shadow:0px 20px 80px 0px #c1c7d440 !important;padding-top:0px !important;padding-right:0px !important;padding-bottom:0px !important;padding-left:0px !important;}.stk-8d743ee:before{background-color:var(--theme-palette-color-8, #ffffff) !important;}<\/style><div class=\"stk-column-wrapper stk-block-column__content stk-container stk-8d743ee-container stk--no-background stk--no-padding\"><div class=\"stk-block-content stk-inner-blocks stk-8d743ee-inner-blocks\">\n<div class=\"wp-block-stackable-image stk-block-image has-text-align-left has-text-align-center-mobile stk-block stk-3776ec1\" data-block-id=\"3776ec1\"><style>.stk-3776ec1 {margin-bottom:60px !important;}.stk-3776ec1 .stk-img-wrapper{width:80px !important;}@media screen and (max-width:999px){.stk-3776ec1 {margin-bottom:40px !important;}.stk-3776ec1 .stk-img-wrapper{width:65px !important;}}<\/style><figure><span class=\"stk-img-wrapper stk-image--shape-stretch\"><img loading=\"lazy\" decoding=\"async\" class=\"stk-img wp-image-63\" src=\"https:\/\/onplus.tech\/wp-content\/uploads\/2021\/07\/development-icon.svg\" width=\"80\" height=\"300\"\/><\/span><\/figure><\/div>\n\n\n\n<div class=\"wp-block-stackable-heading stk-block-heading stk-block-heading--v2 stk-block stk-12d2732\" id=\"feld\" data-block-id=\"12d2732\"><style>.stk-12d2732 {margin-bottom:20px !important;}<\/style><h5 class=\"stk-block-heading__text has-text-align-center-mobile\">Testen und Einf\u00fchrung neuer Technologien<\/h5><\/div>\n\n\n\n<div class=\"wp-block-stackable-text stk-block-text stk-block stk-8abeca9\" data-block-id=\"8abeca9\"><p class=\"stk-block-text__text has-text-align-center-mobile\">Die Einf\u00fchrung neuer Technologien steht bei Ihnen an?<br>Sei es z.B. LSA-Steuerung \u00fcber WlanP, APC (Automatic Passenger Counting), Verkaufsger\u00e4te oder Check in\/Check out-Systeme?<\/p><\/div>\n\n\n\n<p>Wir beraten sie \u00fcber den gesamten Verlauf des Verfahrens, wir suchen und beraten sie zu Lieferanten und Dienstleistern, \u00fcberwachen und koordinieren die Erstellung von Dokumentationen, Musterfahrzeugen und deren Abnahme mit ihnen.<br>Auch bei der Ausrollung auf die Gesamtflotte unterst\u00fctzen und beraten wir sie<\/p>\n\n\n\n<p><\/p>\n<\/div><\/div><\/div>\n<\/div><\/div>\n<\/div><\/div><\/div>\n<\/div><\/div>\n\n\n\n<div class=\"wp-block-stackable-columns alignfull stk-block-columns stk-block stk-6b11c0a stk-block-background stk--has-background-overlay\" data-block-id=\"6b11c0a\"><style>.stk-6b11c0a {background-color:transparent !important;background-image:url(https:\/\/onplus.tech\/wp-content\/uploads\/2025\/01\/decorative-shape-2.png) !important;background-position:top left !important;background-repeat:no-repeat !important;background-size:850px !important;padding-top:0px !important;padding-right:0px !important;padding-bottom:0px !important;padding-left:0px !important;margin-bottom:0px !important;overflow:visible !important;}.stk-6b11c0a:before{background-color:transparent !important;opacity:0.5 !important;}.stk-6b11c0a .stk-container{overflow:visible !important;}@media screen and (max-width:999px){.stk-6b11c0a {background-size:600px !important;}}@media screen and (max-width:689px){.stk-6b11c0a {background-size:400px !important;}}<\/style><div class=\"stk-row stk-inner-blocks stk-block-content stk-content-align stk-6b11c0a-column\">\n<div class=\"wp-block-stackable-column stk-block-column stk-column stk-block stk-5c02eb1\" data-v=\"4\" data-block-id=\"5c02eb1\"><style>.stk-5c02eb1-container{margin-top:0px !important;margin-right:0px !important;margin-bottom:0px !important;margin-left:0px !important;}<\/style><div class=\"stk-column-wrapper stk-block-column__content stk-container stk-5c02eb1-container stk--no-background stk--no-padding\"><div class=\"stk-block-content stk-inner-blocks stk-5c02eb1-inner-blocks\">\n<div class=\"wp-block-stackable-spacer stk-block-spacer stk--no-padding stk-block stk-c11f087\" data-block-id=\"c11f087\"><style>.stk-c11f087 {height:100px !important;}@media screen and (max-width:999px){.stk-c11f087 {height:50px !important;}}<\/style><\/div>\n<\/div><\/div><\/div>\n<\/div><\/div>\n\n\n\n<div class=\"wp-block-stackable-divider stk-block-divider stk-block stk-a10bf44\" data-block-id=\"a10bf44\"><style>.stk-a10bf44 hr.stk-block-divider__hr{background:var(--theme-palette-color-5, #edeff2) !important;width:100% !important;}.stk-a10bf44 {margin-bottom:0px !important;}<\/style><hr class=\"stk-block-divider__hr\"\/><\/div>\n\n\n\n<div class=\"wp-block-stackable-divider stk-block-divider stk-block stk-9094f2d\" data-block-id=\"9094f2d\"><style>.stk-9094f2d hr.stk-block-divider__hr{background:var(--theme-palette-color-5, #edeff2) !important;width:100% !important;}.stk-9094f2d {margin-bottom:0px !important;}<\/style><hr class=\"stk-block-divider__hr\"\/><\/div>\n\n\n\n<p><\/p>\n","protected":false},"excerpt":{"rendered":"<p>Prototyping Prototyping Wir bieten Ihnen folgende Leistungen im Bereich Prototyping Testen und Einf\u00fchrung neuer Technologien Die Einf\u00fchrung neuer Technologien steht bei Ihnen an?Sei es z.B. LSA-Steuerung \u00fcber WlanP, APC (Automatic Passenger Counting), Verkaufsger\u00e4te oder Check in\/Check out-Systeme? Wir beraten sie \u00fcber den gesamten Verlauf des Verfahrens, wir suchen und beraten sie zu Lieferanten und Dienstleistern, [&hellip;]<\/p>\n","protected":false},"author":1,"featured_media":0,"parent":0,"menu_order":-7,"comment_status":"closed","ping_status":"closed","template":"","meta":{"footnotes":""},"class_list":["post-825","page","type-page","status-publish","hentry"],"blocksy_meta":[],"_links":{"self":[{"href":"https:\/\/onplus.tech\/index.php\/wp-json\/wp\/v2\/pages\/825","targetHints":{"allow":["GET"]}}],"collection":[{"href":"https:\/\/onplus.tech\/index.php\/wp-json\/wp\/v2\/pages"}],"about":[{"href":"https:\/\/onplus.tech\/index.php\/wp-json\/wp\/v2\/types\/page"}],"author":[{"embeddable":true,"href":"https:\/\/onplus.tech\/index.php\/wp-json\/wp\/v2\/users\/1"}],"replies":[{"embeddable":true,"href":"https:\/\/onplus.tech\/index.php\/wp-json\/wp\/v2\/comments?post=825"}],"version-history":[{"count":3,"href":"https:\/\/onplus.tech\/index.php\/wp-json\/wp\/v2\/pages\/825\/revisions"}],"predecessor-version":[{"id":850,"href":"https:\/\/onplus.tech\/index.php\/wp-json\/wp\/v2\/pages\/825\/revisions\/850"}],"wp:attachment":[{"href":"https:\/\/onplus.tech\/index.php\/wp-json\/wp\/v2\/media?parent=825"}],"curies":[{"name":"wp","href":"https:\/\/api.w.org\/{rel}","templated":true}]}}